{"id":5279,"date":"2024-08-22T13:35:46","date_gmt":"2024-08-22T13:35:46","guid":{"rendered":"https:\/\/crossgen.media\/?page_id=5279"},"modified":"2025-09-26T12:38:36","modified_gmt":"2025-09-26T12:38:36","slug":"service-overview","status":"publish","type":"page","link":"https:\/\/crossgen.media\/de\/","title":{"rendered":"\u00dcbersicht"},"content":{"rendered":"<div class=\"wpb-content-wrapper\"><div class=\"vc_row wpb_row vc_row-fluid vc_custom_1736930362723 gt-background-position-default gt-background-attachment-default gt-overflow-default\"><div class=\"wpb_column vc_column_container vc_col-sm-12 vc_hidden-lg vc_hidden-md vc_hidden-sm\"><div class=\"vc_column-inner\"><div class=\"wpb_wrapper\"><div class=\"gt-heading gt-style-4 gt-dark gt-align-center\"><h4 class=\"gt-title\">CrossGeneration Media \u00b7 Berlin<\/h4><p class=\"gt-text\">Cinematic Storytelling \u00b7 Human Focus \u00b7 Emotional Impact<\/p><\/div>\n\t<div  class=\"wpb_single_image wpb_content_element vc_align_center wpb_content_element wpb_animate_when_almost_visible wpb_fadeIn fadeIn vc_custom_1736931636293\">\n\t\t\n\t\t<figure class=\"wpb_wrapper vc_figure\">\n\t\t\t<a href=\"\/production\/\" target=\"_self\" class=\"vc_single_image-wrapper   vc_box_border_grey\"><img loading=\"lazy\" decoding=\"async\" width=\"150\" height=\"150\" src=\"https:\/\/crossgen.media\/wp-content\/uploads\/2023\/06\/CGM-profil-2022_ROUND_small.png\" class=\"vc_single_image-img attachment-medium\" alt=\"\" title=\"CGM-profil 2022_ROUND_small\" srcset=\"https:\/\/crossgen.media\/wp-content\/uploads\/2023\/06\/CGM-profil-2022_ROUND_small.png 150w, https:\/\/crossgen.media\/wp-content\/uploads\/2023\/06\/CGM-profil-2022_ROUND_small-12x12.png 12w, https:\/\/crossgen.media\/wp-content\/uploads\/2023\/06\/CGM-profil-2022_ROUND_small-100x100.png 100w\" sizes=\"auto, (max-width: 150px) 100vw, 150px\" \/><\/a>\n\t\t<\/figure>\n\t<\/div>\n<div class=\"gt-team gt-style-1 gt-dark gt-align-center\"><div class=\"gt-grid gt-grid-2 gt-spacing-0\"><div class=\"gt-grid-col\"><div class=\"gt-item\"><div class=\"gt-item-inner\"><div class=\"gt-details\"><div class=\"gt-social-links gt-style-10 gt-dark gt-size-s\"><ul><\/ul><\/div><\/div><\/div><div class=\"gt-title\"><a href=\"\/production\/\" target=\"_parent\">Video & Film Production<\/a><\/div><div class=\"gt-job\">portraits \u00b7 imagefilm \u00b7 dokumentation<\/div><\/div><\/div><div class=\"gt-grid-col\"><div class=\"gt-item\"><div class=\"gt-item-inner\"><div class=\"gt-details\"><div class=\"gt-social-links gt-style-10 gt-dark gt-size-s\"><ul><\/ul><\/div><\/div><\/div><div class=\"gt-title\"><a href=\"\/de\/coaching\/\" target=\"_parent\">Kreativwirtschaft Coaching<\/a><\/div><div class=\"gt-job\">insiderstrategien \u00b7 Identity \u00b7 platzierung<\/div><\/div><\/div><\/div><\/div><div class=\"vc_btn3-container vc_btn3-center vc_custom_1736931744873 vc_do_btn\" ><a class=\"vc_general vc_btn3 vc_btn3-size-xs vc_btn3-shape-rounded vc_btn3-style-outline vc_btn3-icon-left vc_btn3-color-grey\" href=\"\/production\/\" title=\"\"><i class=\"vc_btn3-icon fas fa-angle-double-right\"><\/i> Enter Website<\/a><\/div><\/div><\/div><\/div><\/div><div class=\"vc_row wpb_row vc_row-fluid wpb_animate_when_almost_visible wpb_fadeIn fadeIn gt-background-position-default gt-background-attachment-default gt-overflow-default vc_row-o-full-height vc_row-o-columns-middle vc_row-o-equal-height vc_row-flex\"><div class=\"wpb_column vc_column_container vc_col-sm-12 vc_col-sm-offset-0 vc_hidden-xs\"><div class=\"vc_column-inner vc_custom_1736932992369\"><div class=\"wpb_wrapper\"><div class=\"gt-heading gt-style-4 gt-dark gt-align-center\"><h4 class=\"gt-title\">CrossGeneration Media \u00b7 Berlin<\/h4><p class=\"gt-text\">Cinematic Storytelling \u00b7 Zeitgeist \u00b7 Human Focus \u00b7 Emotional Impact<\/p><\/div><div class=\"vc_row wpb_row vc_inner vc_row-fluid gt-background-position-default gt-background-attachment-default gt-overflow-default gt-container\"><div class=\"wpb_column vc_column_container vc_col-sm-12\"><div class=\"vc_column-inner vc_custom_1736933226116\"><div class=\"wpb_wrapper\"><div class=\"gt-team gt-style-1 gt-dark gt-align-center\"><div class=\"gt-grid gt-grid-2 gt-spacing-0\"><div class=\"gt-grid-col\"><div class=\"gt-item\"><div class=\"gt-item-inner\"><div class=\"gt-photo\"><img loading=\"lazy\" decoding=\"async\" width=\"900\" height=\"1000\" src=\"https:\/\/crossgen.media\/wp-content\/uploads\/2024\/08\/cgm-l3.jpg\" class=\"attachment-full size-full\" alt=\"cgm l3\" srcset=\"https:\/\/crossgen.media\/wp-content\/uploads\/2024\/08\/cgm-l3.jpg 900w, https:\/\/crossgen.media\/wp-content\/uploads\/2024\/08\/cgm-l3-270x300.jpg 270w, https:\/\/crossgen.media\/wp-content\/uploads\/2024\/08\/cgm-l3-768x853.jpg 768w, https:\/\/crossgen.media\/wp-content\/uploads\/2024\/08\/cgm-l3-11x12.jpg 11w, https:\/\/crossgen.media\/wp-content\/uploads\/2024\/08\/cgm-l3-600x667.jpg 600w\" sizes=\"auto, (max-width: 900px) 100vw, 900px\" \/><\/div><div class=\"gt-details\"><p><a href=\"\/production\/\"><\/p>\n<h6 style=\"color:white;\">You have a Story to tell<\/h6>\n<p>Wir schaffen Dialog zwischen Generationen und Vielfalt mit einer starken visuellen Botschaft. Durch Zuh\u00f6ren, Menschen-Fokus und ihre individuellen Geschichten, erz\u00e4hlen unsere Produktionen von gro\u00dfen Themen aus der Perspektive ihrer Protagonisten.<\/a><\/p>\n<div class=\"gt-social-links gt-style-10 gt-dark gt-size-s\"><ul><li><a href=\"https:\/\/www.google.de\/maps\/place\/CrossGeneration+Media+\u2022+Berlin\/@52.5326073,13.4120898,18z\/data=!3m1!4b1!4m6!3m5!1s0x47a85178d4096895:0x8e30915fa3f96835!8m2!3d52.5326073!4d13.4120898!16sg11jcl8s6lq\" target=\"_blank\" class=\"gt-google\"><i class=\"fa-brands fa-google\"><\/i><\/a><\/li><li><a href=\"https:\/\/www.linkedin.com\/company\/crossgeneration-media\" target=\"_blank\" class=\"gt-linkedin\"><i class=\"fa-brands fa-linkedin-in\"><\/i><\/a><\/li><li><a href=\"https:\/\/www.youtube.com\/@CrossGenerationMedia\" target=\"_blank\" class=\"gt-youtube\"><i class=\"fa-brands fa-youtube\"><\/i><\/a><\/li><li><a href=\"https:\/\/www.facebook.com\/CrossGen.Media\/\" target=\"_blank\" class=\"gt-facebook\"><i class=\"fa-brands fa-facebook-f\"><\/i><\/a><\/li><li><a href=\"https:\/\/www.instagram.com\/crossgenerationmedia\" target=\"_blank\" class=\"gt-instagram\"><i class=\"fa-brands fa-instagram\"><\/i><\/a><\/li><\/ul><\/div><\/div><\/div><div class=\"gt-title\"><a href=\"\/production\/\" target=\"_parent\">Video & Film Production<\/a><\/div><div class=\"gt-job\">portraits \u00b7 imagefilm \u00b7 dokumentation<\/div><\/div><\/div><div class=\"gt-grid-col\"><div class=\"gt-item\"><div class=\"gt-item-inner\"><div class=\"gt-photo\"><img loading=\"lazy\" decoding=\"async\" width=\"900\" height=\"1000\" src=\"https:\/\/crossgen.media\/wp-content\/uploads\/2024\/08\/cgm-r4.jpg\" class=\"attachment-full size-full\" alt=\"cgm r4\" srcset=\"https:\/\/crossgen.media\/wp-content\/uploads\/2024\/08\/cgm-r4.jpg 900w, https:\/\/crossgen.media\/wp-content\/uploads\/2024\/08\/cgm-r4-270x300.jpg 270w, https:\/\/crossgen.media\/wp-content\/uploads\/2024\/08\/cgm-r4-768x853.jpg 768w, https:\/\/crossgen.media\/wp-content\/uploads\/2024\/08\/cgm-r4-11x12.jpg 11w, https:\/\/crossgen.media\/wp-content\/uploads\/2024\/08\/cgm-r4-600x667.jpg 600w\" sizes=\"auto, (max-width: 900px) 100vw, 900px\" \/><\/div><div class=\"gt-details\"><p><a href=\"\/de\/coaching\/\"><\/p>\n<h6 style=\"color:white;\">Reach Target Audiences<\/h6>\n<p>Wir optimieren die Verbreitung Ihrer Inhalte und beraten Sie als Experten der (Cross-)Media-Branche im Wandel der Zeit. Wir k\u00f6nnen die CI Ihres Unternehmens verfeinern. Wir reden nicht nur, wir machen es seit Jahren selbst - Storytelling jenseits der Werbung.<\/a><\/p>\n<div class=\"gt-social-links gt-style-10 gt-dark gt-size-s\"><ul><li><a href=\"https:\/\/www.google.de\/maps\/place\/CrossGeneration+Media+\u2022+Berlin\/@52.5326073,13.4120898,18z\/data=!3m1!4b1!4m6!3m5!1s0x47a85178d4096895:0x8e30915fa3f96835!8m2!3d52.5326073!4d13.4120898!16sg11jcl8s6lq\" target=\"_blank\" class=\"gt-google\"><i class=\"fa-brands fa-google\"><\/i><\/a><\/li><li><a href=\"https:\/\/www.linkedin.com\/company\/crossgeneration-media\" target=\"_blank\" class=\"gt-linkedin\"><i class=\"fa-brands fa-linkedin-in\"><\/i><\/a><\/li><li><a href=\"https:\/\/www.youtube.com\/@CrossGenerationMedia\" target=\"_blank\" class=\"gt-youtube\"><i class=\"fa-brands fa-youtube\"><\/i><\/a><\/li><li><a href=\"https:\/\/www.facebook.com\/CrossGen.Media\/\" target=\"_blank\" class=\"gt-facebook\"><i class=\"fa-brands fa-facebook-f\"><\/i><\/a><\/li><li><a href=\"https:\/\/www.instagram.com\/crossgenerationmedia\" target=\"_blank\" class=\"gt-instagram\"><i class=\"fa-brands fa-instagram\"><\/i><\/a><\/li><\/ul><\/div><\/div><\/div><div class=\"gt-title\"><a href=\"\/de\/coaching\/\" target=\"_parent\">Kreativwirtschaft Coaching<\/a><\/div><div class=\"gt-job\">insiderstrategien \u00b7 Identity \u00b7 platzierung<\/div><\/div><\/div><\/div><\/div><\/div><\/div><\/div><\/div><\/div><\/div><\/div><\/div>\n<\/div>","protected":false},"excerpt":{"rendered":"CrossGeneration Media \u00b7 BerlinCinematic Storytelling \u00b7 Human Focus \u00b7 Emotional Impact Video &amp; Film Productionportraits \u00b7 promotions \u00b7 documentariesCreative Industries Coachinginsider strategies \u00b7 Identity \u00b7...","protected":false},"author":1,"featured_media":0,"parent":0,"menu_order":0,"comment_status":"closed","ping_status":"closed","template":"","meta":{"_seopress_robots_primary_cat":"","_seopress_titles_title":"","_seopress_titles_desc":"","_seopress_robots_index":"","footnotes":""},"class_list":["post-5279","page","type-page","status-publish","hentry"],"_links":{"self":[{"href":"https:\/\/crossgen.media\/de\/wp-json\/wp\/v2\/pages\/5279","targetHints":{"allow":["GET"]}}],"collection":[{"href":"https:\/\/crossgen.media\/de\/wp-json\/wp\/v2\/pages"}],"about":[{"href":"https:\/\/crossgen.media\/de\/wp-json\/wp\/v2\/types\/page"}],"author":[{"embeddable":true,"href":"https:\/\/crossgen.media\/de\/wp-json\/wp\/v2\/users\/1"}],"replies":[{"embeddable":true,"href":"https:\/\/crossgen.media\/de\/wp-json\/wp\/v2\/comments?post=5279"}],"version-history":[{"count":2,"href":"https:\/\/crossgen.media\/de\/wp-json\/wp\/v2\/pages\/5279\/revisions"}],"predecessor-version":[{"id":5615,"href":"https:\/\/crossgen.media\/de\/wp-json\/wp\/v2\/pages\/5279\/revisions\/5615"}],"wp:attachment":[{"href":"https:\/\/crossgen.media\/de\/wp-json\/wp\/v2\/media?parent=5279"}],"curies":[{"name":"wp","href":"https:\/\/api.w.org\/{rel}","templated":true}]}}